{"id":1634,"date":"2020-12-02T15:37:11","date_gmt":"2020-12-02T14:37:11","guid":{"rendered":"https:\/\/rubisgold.com\/?page_id=1634"},"modified":"2021-11-22T17:51:29","modified_gmt":"2021-11-22T16:51:29","slug":"ou-nous-trouver","status":"publish","type":"page","link":"https:\/\/rubisgold.com\/de\/ou-nous-trouver\/","title":{"rendered":"Wo Sie uns finden"},"content":{"rendered":"\t\t<div data-elementor-type=\"wp-page\" data-elementor-id=\"1634\" class=\"elementor elementor-1634\" data-elementor-post-type=\"page\">\n\t\t\t\t\t\t<section data-particle_enable=\"false\" data-particle-mobile-disabled=\"false\" data-dce-background-image-url=\"https:\/\/rubisgold.marquedigitale.ovh\/wp-content\/uploads\/2020\/10\/20200921-Vergers-Pomme-54-scaled.jpg\" class=\"elementor-section elementor-top-section elementor-element elementor-element-3b91611 elementor-section-stretched elementor-section-height-full elementor-section-boxed elementor-section-height-default elementor-section-items-middle\" data-id=\"3b91611\" data-element_type=\"section\" data-e-type=\"section\" data-settings=\"{&quot;stretch_section&quot;:&quot;section-stretched&quot;,&quot;background_background&quot;:&quot;classic&quot;,&quot;background_motion_fx_motion_fx_scrolling&quot;:&quot;yes&quot;,&quot;background_motion_fx_translateY_effect&quot;:&quot;yes&quot;,&quot;background_motion_fx_devices&quot;:[&quot;tablet&quot;,&quot;mobile&quot;],&quot;background_motion_fx_translateY_speed&quot;:{&quot;unit&quot;:&quot;px&quot;,&quot;size&quot;:4,&quot;sizes&quot;:[]},&quot;background_motion_fx_translateY_affectedRange&quot;:{&quot;unit&quot;:&quot;%&quot;,&quot;size&quot;:&quot;&quot;,&quot;sizes&quot;:{&quot;start&quot;:0,&quot;end&quot;:100}}}\">\n\t\t\t\t\t\t\t<div class=\"elementor-background-overlay\"><\/div>\n\t\t\t\t\t\t\t<div class=\"elementor-container elementor-column-gap-default\">\n\t\t\t\t\t<div class=\"elementor-column elementor-col-100 elementor-top-column elementor-element elementor-element-c165b3d\" data-id=\"c165b3d\" data-element_type=\"column\" data-e-type=\"column\">\n\t\t\t<div class=\"elementor-widget-wrap elementor-element-populated\">\n\t\t\t\t\t\t<div class=\"elementor-element elementor-element-248b1fb elementor-widget elementor-widget-spacer\" data-id=\"248b1fb\" data-element_type=\"widget\" data-e-type=\"widget\" data-widget_type=\"spacer.default\">\n\t\t\t\t<div class=\"elementor-widget-container\">\n\t\t\t\t\t\t\t<div class=\"elementor-spacer\">\n\t\t\t<div class=\"elementor-spacer-inner\"><\/div>\n\t\t<\/div>\n\t\t\t\t\t\t<\/div>\n\t\t\t\t<\/div>\n\t\t\t\t<div class=\"elementor-element elementor-element-952436e elementor-widget elementor-widget-heading\" data-id=\"952436e\" data-element_type=\"widget\" data-e-type=\"widget\" data-widget_type=\"heading.default\">\n\t\t\t\t<div class=\"elementor-widget-container\">\n\t\t\t\t\t<h1 class=\"elementor-heading-title elementor-size-default\"><span class=\"cursor-target\">Pour  nous d\u00e9guster<\/span><\/h1>\t\t\t\t<\/div>\n\t\t\t\t<\/div>\n\t\t\t\t<div class=\"elementor-element elementor-element-dc51c4d cursor-target elementor-align-center elementor-mobile-align-center elementor-widget elementor-widget-button\" data-id=\"dc51c4d\" data-element_type=\"widget\" data-e-type=\"widget\" data-widget_type=\"button.default\">\n\t\t\t\t<div class=\"elementor-widget-container\">\n\t\t\t\t\t\t\t\t\t<div class=\"elementor-button-wrapper\">\n\t\t\t\t\t<a class=\"elementor-button elementor-button-link elementor-size-sm\" href=\"#intro\">\n\t\t\t\t\t\t<span class=\"elementor-button-content-wrapper\">\n\t\t\t\t\t\t\t\t\t<span class=\"elementor-button-text\">D\u00e9couvrir<\/span>\n\t\t\t\t\t<\/span>\n\t\t\t\t\t<\/a>\n\t\t\t\t<\/div>\n\t\t\t\t\t\t\t\t<\/div>\n\t\t\t\t<\/div>\n\t\t\t\t\t<\/div>\n\t\t<\/div>\n\t\t\t\t\t<\/div>\n\t\t<\/section>\n\t\t\t\t<section data-particle_enable=\"false\" data-particle-mobile-disabled=\"false\" data-dce-background-color=\"#FFFFFF00\" class=\"elementor-section elementor-top-section elementor-element elementor-element-2ff6d60 elementor-section-boxed elementor-section-height-default elementor-section-height-default\" data-id=\"2ff6d60\" data-element_type=\"section\" data-e-type=\"section\" id=\"intro\" data-settings=\"{&quot;background_background&quot;:&quot;classic&quot;,&quot;motion_fx_motion_fx_scrolling&quot;:&quot;yes&quot;,&quot;motion_fx_devices&quot;:[&quot;desktop&quot;,&quot;tablet&quot;,&quot;mobile&quot;]}\">\n\t\t\t\t\t\t<div class=\"elementor-container elementor-column-gap-default\">\n\t\t\t\t\t<div class=\"elementor-column elementor-col-25 elementor-top-column elementor-element elementor-element-0c10ded\" data-id=\"0c10ded\" data-element_type=\"column\" data-e-type=\"column\">\n\t\t\t<div class=\"elementor-widget-wrap\">\n\t\t\t\t\t\t\t<\/div>\n\t\t<\/div>\n\t\t\t\t<div class=\"elementor-column elementor-col-50 elementor-top-column elementor-element elementor-element-efa1f59\" data-id=\"efa1f59\" data-element_type=\"column\" data-e-type=\"column\">\n\t\t\t<div class=\"elementor-widget-wrap elementor-element-populated\">\n\t\t\t\t\t\t<div class=\"elementor-element elementor-element-22c4078 elementor-widget elementor-widget-heading\" data-id=\"22c4078\" data-element_type=\"widget\" data-e-type=\"widget\" data-settings=\"{&quot;motion_fx_motion_fx_scrolling&quot;:&quot;yes&quot;,&quot;motion_fx_opacity_effect&quot;:&quot;yes&quot;,&quot;motion_fx_opacity_range&quot;:{&quot;unit&quot;:&quot;%&quot;,&quot;size&quot;:&quot;&quot;,&quot;sizes&quot;:{&quot;start&quot;:7,&quot;end&quot;:47}},&quot;motion_fx_opacity_direction&quot;:&quot;out-in&quot;,&quot;motion_fx_opacity_level&quot;:{&quot;unit&quot;:&quot;px&quot;,&quot;size&quot;:10,&quot;sizes&quot;:[]},&quot;motion_fx_devices&quot;:[&quot;desktop&quot;,&quot;tablet&quot;,&quot;mobile&quot;]}\" data-widget_type=\"heading.default\">\n\t\t\t\t<div class=\"elementor-widget-container\">\n\t\t\t\t\t<p class=\"elementor-heading-title elementor-size-default\">D\u00e9couvrez sur la carte<br> <span class=\"hello\">toutes les enseignes<\/span><br>o\u00f9 vous pourrez nous retrouver !<\/p>\t\t\t\t<\/div>\n\t\t\t\t<\/div>\n\t\t\t\t<div class=\"elementor-element elementor-element-29b78dc dce_masking-none elementor-widget elementor-widget-image\" data-id=\"29b78dc\" data-element_type=\"widget\" data-e-type=\"widget\" data-settings=\"{&quot;motion_fx_motion_fx_scrolling&quot;:&quot;yes&quot;,&quot;motion_fx_opacity_effect&quot;:&quot;yes&quot;,&quot;motion_fx_scale_effect&quot;:&quot;yes&quot;,&quot;motion_fx_scale_speed&quot;:{&quot;unit&quot;:&quot;px&quot;,&quot;size&quot;:10,&quot;sizes&quot;:[]},&quot;motion_fx_scale_range&quot;:{&quot;unit&quot;:&quot;%&quot;,&quot;size&quot;:&quot;&quot;,&quot;sizes&quot;:{&quot;start&quot;:25,&quot;end&quot;:59}},&quot;motion_fx_opacity_direction&quot;:&quot;out-in&quot;,&quot;motion_fx_opacity_level&quot;:{&quot;unit&quot;:&quot;px&quot;,&quot;size&quot;:10,&quot;sizes&quot;:[]},&quot;motion_fx_opacity_range&quot;:{&quot;unit&quot;:&quot;%&quot;,&quot;size&quot;:&quot;&quot;,&quot;sizes&quot;:{&quot;start&quot;:20,&quot;end&quot;:80}},&quot;motion_fx_scale_direction&quot;:&quot;out-in&quot;,&quot;motion_fx_devices&quot;:[&quot;desktop&quot;,&quot;tablet&quot;,&quot;mobile&quot;]}\" data-widget_type=\"image.default\">\n\t\t\t\t<div class=\"elementor-widget-container\">\n\t\t\t\t\t\t\t\t\t\t\t\t\t\t\t<img decoding=\"async\" width=\"1\" height=\"1\" src=\"https:\/\/rubisgold.com\/wp-content\/uploads\/2020\/10\/trame-jaune-rond.svg\" class=\"attachment-large size-large wp-image-599\" alt=\"\" \/>\t\t\t\t\t\t\t\t\t\t\t\t\t\t\t<\/div>\n\t\t\t\t<\/div>\n\t\t\t\t\t<\/div>\n\t\t<\/div>\n\t\t\t\t<div class=\"elementor-column elementor-col-25 elementor-top-column elementor-element elementor-element-164f843\" data-id=\"164f843\" data-element_type=\"column\" data-e-type=\"column\">\n\t\t\t<div class=\"elementor-widget-wrap\">\n\t\t\t\t\t\t\t<\/div>\n\t\t<\/div>\n\t\t\t\t\t<\/div>\n\t\t<\/section>\n\t\t\t\t<section data-particle_enable=\"false\" data-particle-mobile-disabled=\"false\" class=\"elementor-section elementor-top-section elementor-element elementor-element-8874a56 elementor-section-boxed elementor-section-height-default elementor-section-height-default\" data-id=\"8874a56\" data-element_type=\"section\" data-e-type=\"section\">\n\t\t\t\t\t\t<div class=\"elementor-container elementor-column-gap-default\">\n\t\t\t\t\t<div class=\"elementor-column elementor-col-100 elementor-top-column elementor-element elementor-element-dbb722b\" data-id=\"dbb722b\" data-element_type=\"column\" data-e-type=\"column\">\n\t\t\t<div class=\"elementor-widget-wrap\">\n\t\t\t\t\t\t\t<\/div>\n\t\t<\/div>\n\t\t\t\t\t<\/div>\n\t\t<\/section>\n\t\t<!-- dce invisible element 80d3653 --><!-- dce invisible element 7b56f44 --><!-- dce invisible element ad827e8 -->\t\t<\/div>\n\t\t","protected":false},"excerpt":{"rendered":"<p>Pour nous d\u00e9guster D\u00e9couvrir D\u00e9couvrez sur la carte toutes les enseigneso\u00f9 vous pourrez nous retrouver ! Lorem ipsum dolor sit amet Lorem ipsum dolor sit amet, consectetur adipiscing elit. Ut elit tellus, luctus nec ullamcorper mattis, pulvinar dapibus leo. Lorem ipsum dolor sit amet, consectetur adipiscing elit. Ut elit tellus, luctus nec ullamcorper mattis, pulvinar [&hellip;]<\/p>\n","protected":false},"author":1,"featured_media":0,"parent":0,"menu_order":0,"comment_status":"closed","ping_status":"closed","template":"","meta":{"_acf_changed":false,"site-sidebar-layout":"no-sidebar","site-content-layout":"page-builder","ast-site-content-layout":"default","site-content-style":"default","site-sidebar-style":"default","ast-global-header-display":"","ast-banner-title-visibility":"","ast-main-header-display":"","ast-hfb-above-header-display":"","ast-hfb-below-header-display":"","ast-hfb-mobile-header-display":"","site-post-title":"disabled","ast-breadcrumbs-content":"","ast-featured-img":"disabled","footer-sml-layout":"","ast-disable-related-posts":"","theme-transparent-header-meta":"default","adv-header-id-meta":"","stick-header-meta":"","header-above-stick-meta":"","header-main-stick-meta":"","header-below-stick-meta":"","astra-migrate-meta-layouts":"default","ast-page-background-enabled":"default","ast-page-background-meta":{"desktop":{"background-color":"","background-image":"","background-repeat":"repeat","background-position":"center center","background-size":"auto","background-attachment":"scroll","background-type":"","background-media":"","overlay-type":"","overlay-color":"","overlay-opacity":"","overlay-gradient":""},"tablet":{"background-color":"","background-image":"","background-repeat":"repeat","background-position":"center center","background-size":"auto","background-attachment":"scroll","background-type":"","background-media":"","overlay-type":"","overlay-color":"","overlay-opacity":"","overlay-gradient":""},"mobile":{"background-color":"","background-image":"","background-repeat":"repeat","background-position":"center center","background-size":"auto","background-attachment":"scroll","background-type":"","background-media":"","overlay-type":"","overlay-color":"","overlay-opacity":"","overlay-gradient":""}},"ast-content-background-meta":{"desktop":{"background-color":"var(--ast-global-color-5)","background-image":"","background-repeat":"repeat","background-position":"center center","background-size":"auto","background-attachment":"scroll","background-type":"","background-media":"","overlay-type":"","overlay-color":"","overlay-opacity":"","overlay-gradient":""},"tablet":{"background-color":"var(--ast-global-color-5)","background-image":"","background-repeat":"repeat","background-position":"center center","background-size":"auto","background-attachment":"scroll","background-type":"","background-media":"","overlay-type":"","overlay-color":"","overlay-opacity":"","overlay-gradient":""},"mobile":{"background-color":"var(--ast-global-color-5)","background-image":"","background-repeat":"repeat","background-position":"center center","background-size":"auto","background-attachment":"scroll","background-type":"","background-media":"","overlay-type":"","overlay-color":"","overlay-opacity":"","overlay-gradient":""}},"footnotes":""},"class_list":["post-1634","page","type-page","status-publish","hentry"],"acf":[],"yoast_head":"<!-- This site is optimized with the Yoast SEO plugin v27.4 - https:\/\/yoast.com\/product\/yoast-seo-wordpress\/ -->\n<title>O\u00f9 nous trouver - Rubis Gold<\/title>\n<meta name=\"robots\" content=\"index, follow, max-snippet:-1, max-image-preview:large, max-video-preview:-1\" \/>\n<link rel=\"canonical\" href=\"https:\/\/rubisgold.com\/de\/ou-nous-trouver\/\" \/>\n<meta property=\"og:locale\" content=\"de_DE\" \/>\n<meta property=\"og:type\" content=\"article\" \/>\n<meta property=\"og:title\" content=\"O\u00f9 nous trouver - Rubis Gold\" \/>\n<meta property=\"og:description\" content=\"Pour nous d\u00e9guster D\u00e9couvrir D\u00e9couvrez sur la carte toutes les enseigneso\u00f9 vous pourrez nous retrouver ! Lorem ipsum dolor sit amet Lorem ipsum dolor sit amet, consectetur adipiscing elit. Ut elit tellus, luctus nec ullamcorper mattis, pulvinar dapibus leo. Lorem ipsum dolor sit amet, consectetur adipiscing elit. Ut elit tellus, luctus nec ullamcorper mattis, pulvinar [&hellip;]\" \/>\n<meta property=\"og:url\" content=\"https:\/\/rubisgold.com\/de\/ou-nous-trouver\/\" \/>\n<meta property=\"og:site_name\" content=\"Rubis Gold\" \/>\n<meta property=\"article:modified_time\" content=\"2021-11-22T16:51:29+00:00\" \/>\n<meta property=\"og:image\" content=\"https:\/\/rubisgold.com\/wp-content\/uploads\/2020\/10\/trame-jaune-rond.svg\" \/>\n<meta name=\"twitter:card\" content=\"summary_large_image\" \/>\n<script type=\"application\/ld+json\" class=\"yoast-schema-graph\">{\"@context\":\"https:\\\/\\\/schema.org\",\"@graph\":[{\"@type\":\"WebPage\",\"@id\":\"https:\\\/\\\/rubisgold.com\\\/ou-nous-trouver\\\/\",\"url\":\"https:\\\/\\\/rubisgold.com\\\/ou-nous-trouver\\\/\",\"name\":\"O\u00f9 nous trouver - Rubis Gold\",\"isPartOf\":{\"@id\":\"https:\\\/\\\/rubisgold.com\\\/#website\"},\"primaryImageOfPage\":{\"@id\":\"https:\\\/\\\/rubisgold.com\\\/ou-nous-trouver\\\/#primaryimage\"},\"image\":{\"@id\":\"https:\\\/\\\/rubisgold.com\\\/ou-nous-trouver\\\/#primaryimage\"},\"thumbnailUrl\":\"https:\\\/\\\/rubisgold.com\\\/wp-content\\\/uploads\\\/2020\\\/10\\\/trame-jaune-rond.svg\",\"datePublished\":\"2020-12-02T14:37:11+00:00\",\"dateModified\":\"2021-11-22T16:51:29+00:00\",\"breadcrumb\":{\"@id\":\"https:\\\/\\\/rubisgold.com\\\/ou-nous-trouver\\\/#breadcrumb\"},\"inLanguage\":\"de\",\"potentialAction\":[{\"@type\":\"ReadAction\",\"target\":[\"https:\\\/\\\/rubisgold.com\\\/ou-nous-trouver\\\/\"]}]},{\"@type\":\"ImageObject\",\"inLanguage\":\"de\",\"@id\":\"https:\\\/\\\/rubisgold.com\\\/ou-nous-trouver\\\/#primaryimage\",\"url\":\"https:\\\/\\\/rubisgold.com\\\/wp-content\\\/uploads\\\/2020\\\/10\\\/trame-jaune-rond.svg\",\"contentUrl\":\"https:\\\/\\\/rubisgold.com\\\/wp-content\\\/uploads\\\/2020\\\/10\\\/trame-jaune-rond.svg\"},{\"@type\":\"BreadcrumbList\",\"@id\":\"https:\\\/\\\/rubisgold.com\\\/ou-nous-trouver\\\/#breadcrumb\",\"itemListElement\":[{\"@type\":\"ListItem\",\"position\":1,\"name\":\"Accueil\",\"item\":\"https:\\\/\\\/rubisgold.com\\\/\"},{\"@type\":\"ListItem\",\"position\":2,\"name\":\"O\u00f9 nous trouver\"}]},{\"@type\":\"WebSite\",\"@id\":\"https:\\\/\\\/rubisgold.com\\\/#website\",\"url\":\"https:\\\/\\\/rubisgold.com\\\/\",\"name\":\"Rubis Gold\",\"description\":\"Un site utilisant WordPress\",\"potentialAction\":[{\"@type\":\"SearchAction\",\"target\":{\"@type\":\"EntryPoint\",\"urlTemplate\":\"https:\\\/\\\/rubisgold.com\\\/?s={search_term_string}\"},\"query-input\":{\"@type\":\"PropertyValueSpecification\",\"valueRequired\":true,\"valueName\":\"search_term_string\"}}],\"inLanguage\":\"de\"}]}<\/script>\n<!-- \/ Yoast SEO plugin. -->","yoast_head_json":{"title":"O\u00f9 nous trouver - Rubis Gold","robots":{"index":"index","follow":"follow","max-snippet":"max-snippet:-1","max-image-preview":"max-image-preview:large","max-video-preview":"max-video-preview:-1"},"canonical":"https:\/\/rubisgold.com\/de\/ou-nous-trouver\/","og_locale":"de_DE","og_type":"article","og_title":"O\u00f9 nous trouver - Rubis Gold","og_description":"Pour nous d\u00e9guster D\u00e9couvrir D\u00e9couvrez sur la carte toutes les enseigneso\u00f9 vous pourrez nous retrouver ! Lorem ipsum dolor sit amet Lorem ipsum dolor sit amet, consectetur adipiscing elit. Ut elit tellus, luctus nec ullamcorper mattis, pulvinar dapibus leo. Lorem ipsum dolor sit amet, consectetur adipiscing elit. Ut elit tellus, luctus nec ullamcorper mattis, pulvinar [&hellip;]","og_url":"https:\/\/rubisgold.com\/de\/ou-nous-trouver\/","og_site_name":"Rubis Gold","article_modified_time":"2021-11-22T16:51:29+00:00","og_image":[{"url":"https:\/\/rubisgold.com\/wp-content\/uploads\/2020\/10\/trame-jaune-rond.svg","type":"","width":"","height":""}],"twitter_card":"summary_large_image","schema":{"@context":"https:\/\/schema.org","@graph":[{"@type":"WebPage","@id":"https:\/\/rubisgold.com\/ou-nous-trouver\/","url":"https:\/\/rubisgold.com\/ou-nous-trouver\/","name":"O\u00f9 nous trouver - Rubis Gold","isPartOf":{"@id":"https:\/\/rubisgold.com\/#website"},"primaryImageOfPage":{"@id":"https:\/\/rubisgold.com\/ou-nous-trouver\/#primaryimage"},"image":{"@id":"https:\/\/rubisgold.com\/ou-nous-trouver\/#primaryimage"},"thumbnailUrl":"https:\/\/rubisgold.com\/wp-content\/uploads\/2020\/10\/trame-jaune-rond.svg","datePublished":"2020-12-02T14:37:11+00:00","dateModified":"2021-11-22T16:51:29+00:00","breadcrumb":{"@id":"https:\/\/rubisgold.com\/ou-nous-trouver\/#breadcrumb"},"inLanguage":"de","potentialAction":[{"@type":"ReadAction","target":["https:\/\/rubisgold.com\/ou-nous-trouver\/"]}]},{"@type":"ImageObject","inLanguage":"de","@id":"https:\/\/rubisgold.com\/ou-nous-trouver\/#primaryimage","url":"https:\/\/rubisgold.com\/wp-content\/uploads\/2020\/10\/trame-jaune-rond.svg","contentUrl":"https:\/\/rubisgold.com\/wp-content\/uploads\/2020\/10\/trame-jaune-rond.svg"},{"@type":"BreadcrumbList","@id":"https:\/\/rubisgold.com\/ou-nous-trouver\/#breadcrumb","itemListElement":[{"@type":"ListItem","position":1,"name":"Accueil","item":"https:\/\/rubisgold.com\/"},{"@type":"ListItem","position":2,"name":"O\u00f9 nous trouver"}]},{"@type":"WebSite","@id":"https:\/\/rubisgold.com\/#website","url":"https:\/\/rubisgold.com\/","name":"Rubin Gold","description":"Eine Seite, die WordPress verwendet","potentialAction":[{"@type":"SearchAction","target":{"@type":"EntryPoint","urlTemplate":"https:\/\/rubisgold.com\/?s={search_term_string}"},"query-input":{"@type":"PropertyValueSpecification","valueRequired":true,"valueName":"search_term_string"}}],"inLanguage":"de"}]}},"_links":{"self":[{"href":"https:\/\/rubisgold.com\/de\/wp-json\/wp\/v2\/pages\/1634","targetHints":{"allow":["GET"]}}],"collection":[{"href":"https:\/\/rubisgold.com\/de\/wp-json\/wp\/v2\/pages"}],"about":[{"href":"https:\/\/rubisgold.com\/de\/wp-json\/wp\/v2\/types\/page"}],"author":[{"embeddable":true,"href":"https:\/\/rubisgold.com\/de\/wp-json\/wp\/v2\/users\/1"}],"replies":[{"embeddable":true,"href":"https:\/\/rubisgold.com\/de\/wp-json\/wp\/v2\/comments?post=1634"}],"version-history":[{"count":25,"href":"https:\/\/rubisgold.com\/de\/wp-json\/wp\/v2\/pages\/1634\/revisions"}],"predecessor-version":[{"id":2157,"href":"https:\/\/rubisgold.com\/de\/wp-json\/wp\/v2\/pages\/1634\/revisions\/2157"}],"wp:attachment":[{"href":"https:\/\/rubisgold.com\/de\/wp-json\/wp\/v2\/media?parent=1634"}],"curies":[{"name":"wp","href":"https:\/\/api.w.org\/{rel}","templated":true}]}}